{"id":3,"date":"2023-07-12T17:05:54","date_gmt":"2023-07-12T20:05:54","guid":{"rendered":"https:\/\/arsystemcompressores.com.br\/compressorparafuso\/?page_id=3"},"modified":"2023-12-05T10:20:33","modified_gmt":"2023-12-05T13:20:33","slug":"politicas-de-privacidade","status":"publish","type":"page","link":"https:\/\/arsystemcompressores.com.br\/compressorparafuso\/politicas-de-privacidade\/","title":{"rendered":"Pol\u00edticas de Privacidade"},"content":{"rendered":"\n<p>\u00c9 importante esclarecer que dados pessoais s\u00e3o considerados como: todas as informa\u00e7\u00f5es que possam ser utilizadas para identificar alguma pessoa. Estes dados, podem ser considerados sens\u00edveis, tais como: convic\u00e7\u00e3o religiosa, sa\u00fade ou \u00e0 vida sexual, origem racial ou \u00e9tnica, opini\u00e3o pol\u00edtica, dado gen\u00e9tico ou biom\u00e9trico, filia\u00e7\u00e3o a sindicato ou a organiza\u00e7\u00e3o de car\u00e1ter religioso, filos\u00f3fico ou pol\u00edtico.<\/p>\n\n\n\n<h3 class=\"wp-block-heading\">SE\u00c7\u00c3O I &#8211; INFORMA\u00c7\u00d5ES GERAIS<\/h3>\n\n\n\n<p>Nesta <strong>pol\u00edtica de privacidade<\/strong> ser\u00e1 informado a maneira que ocorre o tratamento dos dados pessoais das pessoas que acessam o site arsystemcompressores.com.br informando assim, de forma transparente quais s\u00e3o os dados, qual o intuito da coleta e a maneira que os visitantes podem controlar ou deletar suas informa\u00e7\u00f5es.<\/p>\n\n\n\n<p>Este texto foi criado de acordo com a lei de Prote\u00e7\u00e3o de Dados Pessoais (Lei \/18), o Marco Civil da Internet (Lei 12.965 \/14) e tamb\u00e9m o Regulamento da UE n. 2016\/6790. Vale ressaltar que, este texto poder\u00e1 sofrer altera\u00e7\u00f5es por conta de eventuais atualiza\u00e7\u00f5es normativas.<\/p>\n\n\n\n<p>Informamos que toda e qualquer informa\u00e7\u00e3o pessoal coletada por por nosso website arsystemcompressores.com.br ser\u00e1 utilizada para melhorar a sua experi\u00eancia ao navegar em nosso website, visando desta maneira que sua visita se torne mais vantajosa e assertiva.<\/p>\n\n\n\n<p>A confidencialidade das informa\u00e7\u00f5es pessoais dos usu\u00e1rios do site arsystemcompressores.com.br \u00e9 de suma import\u00e2ncia para nossa equipe, por este motivo, buscamos otimizar continuamente todos os processos internos, utilizando o <a rel=\"noopener\" href=\"https:\/\/www.advogadosaqui.com.br\/ferramenta\/gerador-de-politica-de-privacidade-gerarcriar-online\/\" target=\"_blank\">gerador de politica de privacidade<\/a> de forma clara, para mant\u00ea-los em seguran\u00e7a e de acordo com todas as normas impostas.<\/p>\n\n\n\n<h3 class=\"wp-block-heading\">SE\u00c7\u00c3O II &#8211; COLETA DOS DADOS<\/h3>\n\n\n\n<p>Os dados pessoais dos visitantes podem ser coletados quando:<\/p>\n\n\n\n<p><strong>II.I<\/strong> &#8211; O indiv\u00edduo realiza a cria\u00e7\u00e3o de um cadastro no site arsystemcompressores.com.br e com base nisso podem ser solicitados dados como: email, nome, cidade, telefone, etc.<\/p>\n\n\n\n<p><strong>II.II<\/strong> &#8211; O indiv\u00edduo navega nas p\u00e1ginas de nosso sitearsystemcompressores.com.br e neste caso, podem ser coletados dados como: palavras-chaves de origem do buscador, coment\u00e1rios, navegador utilizado, IP da rede, etc.<\/p>\n\n\n\n<p><strong>II.III<\/strong> &#8211; Por meio de terceiros, tais como: Google e\/ou Facebook, sendo que, no momento de logar em um destes sites \u00e9 autorizado diretamente pelo terceiro.<\/p>\n\n\n\n<p>No caso de envio de newsletters ou at\u00e9 mesmo envio de avisos por e-mail os cookies podem ser utilizados para direcionar um conte\u00fado mais adequado ao usu\u00e1rio final, com o intuito de melhorar a experi\u00eancia de quem est\u00e1 lendo o e-mail, vale ressaltar que cada provedor de email possui suas diretrizes, como por exemplo ao acessar o site do Facebook entrar voc\u00ea dever\u00e1 respeitar suas devidas pol\u00edticas.<\/p>\n\n\n\n<h3 class=\"wp-block-heading\">SE\u00c7\u00c3O III &#8211; ACEITE<\/h3>\n\n\n\n<p>A partir do momento da utiliza\u00e7\u00e3o do website arsystemcompressores.com.br pressup\u00f5e que o usu\u00e1rio aceitou a <strong>pol\u00edtica de privacidade.<\/strong> Desta forma reservamos ao direito de modificar esta pol\u00edtica sem que seja realizado um aviso pr\u00e9vio. Por este motivo, n\u00f3s recomendamos que os usu\u00e1rios realizem uma consulta regularmente a nossa pol\u00edtica, para que desta forma, se mantenham sempre atualizados de poss\u00edveis altera\u00e7\u00f5es, caso seja necess\u00e1rio \u00e9 poss\u00edvel entrar em contato atrav\u00e9s de nosso e-mail: atendimento@arsystempecas.com.br informando suas d\u00favidas.<\/p>\n\n\n\n<p>O desenvolvedor poder\u00e1 coletar informa\u00e7\u00f5es pessoais do usu\u00e1rio que acessa o site, tais como nome, e-mail, n\u00famero de telefone fixo e\/ou celular, endere\u00e7o, data de nascimento, IP e\/ou outros dados. Na grande maioria das vezes, esses dados s\u00e3o utilizados para ativar a fun\u00e7\u00e3o de geotarget (exibir determinados conte\u00fados de acordo com a localiza\u00e7\u00e3o) e tamb\u00e9m filtrando por tipo de usu\u00e1rio (analisando a necessidade de cada um).<\/p>\n\n\n\n<h3 class=\"wp-block-heading\">SE\u00c7\u00c3O IV &#8211; VINCULO A SITES EXTERNOS<\/h3>\n\n\n\n<p>O site arsystemcompressores.com.br pode conter vinculo com sites externos, estes que podem possuir ferramentas e\/ou informa\u00e7\u00f5es proveitosas para os usu\u00e1rios. Esta <strong>pol\u00edtica de privacidade<\/strong> n\u00e3o \u00e9 empregada aos sites externos, se for do interesse do usu\u00e1rio, o mesmo dever\u00e1 acessar a <strong>pol\u00edtica de privacidade<\/strong> do site em quest\u00e3o para ter conhecimento dos detalhes.<\/p>\n\n\n\n<h3 class=\"wp-block-heading\">COOKIES<\/h3>\n\n\n\n<p>O site usa cookies com o objetivo de armazenar informa\u00e7\u00f5es, como por exemplo, as prefer\u00eancias do publico que acessa um determinado site, esses cookies podem ser coletados por meio de um mero popup ou at\u00e9 mesmo uma integra\u00e7\u00e3o com demais servi\u00e7os.<\/p>\n\n\n\n<p>Voc\u00ea como usu\u00e1rio do website arsystemcompressores.com.br possui a total autonomia de desativar os cookies, basta acessar a configura\u00e7\u00e3o do seu navegador de prefer\u00eancia e realizar a modifica\u00e7\u00e3o, ou caso tenha, poder\u00e1 utilizar um antivirus que fa\u00e7a essa configura\u00e7\u00e3o diretamente. Vale ressaltar que, essa modifica\u00e7\u00e3o poder\u00e1 influenciar em como voc\u00ea navega em nosso site e em outros sites. Este fato ocorre, porque determinas programa\u00e7\u00f5es necessitam da utiliza\u00e7\u00e3o de cookies para funcionarem corretamente, tais como os sites que necessitem de login em determinada \u00e1rea restrita.<\/p>\n\n\n\n<h3 class=\"wp-block-heading\">ATUALIZA\u00c7\u00c3O<\/h3>\n\n\n\n<p>Essa <strong>politica de privacidade<\/strong> obteve sua \u00faltima atualiza\u00e7\u00e3o na data de 01\/12\/2023, podendo ser modificada a qualquer momento, sem aviso pr\u00e9vio.<\/p>\n","protected":false},"excerpt":{"rendered":"<p>\u00c9 importante esclarecer que dados pessoais s\u00e3o considerados como: todas as informa\u00e7\u00f5es que possam ser utilizadas para identificar alguma pessoa. Estes dados, podem ser considerados sens\u00edveis, tais como: convic\u00e7\u00e3o religiosa, sa\u00fade ou \u00e0 vida sexual, origem racial ou \u00e9tnica, opini\u00e3o pol\u00edtica, dado gen\u00e9tico ou biom\u00e9trico, filia\u00e7\u00e3o a sindicato ou a organiza\u00e7\u00e3o de car\u00e1ter religioso, filos\u00f3fico [&hellip;]<\/p>\n","protected":false},"author":1,"featured_media":0,"parent":0,"menu_order":0,"comment_status":"closed","ping_status":"closed","template":"","meta":[],"_links":{"self":[{"href":"https:\/\/arsystemcompressores.com.br\/compressorparafuso\/wp-json\/wp\/v2\/pages\/3"}],"collection":[{"href":"https:\/\/arsystemcompressores.com.br\/compressorparafuso\/wp-json\/wp\/v2\/pages"}],"about":[{"href":"https:\/\/arsystemcompressores.com.br\/compressorparafuso\/wp-json\/wp\/v2\/types\/page"}],"author":[{"embeddable":true,"href":"https:\/\/arsystemcompressores.com.br\/compressorparafuso\/wp-json\/wp\/v2\/users\/1"}],"replies":[{"embeddable":true,"href":"https:\/\/arsystemcompressores.com.br\/compressorparafuso\/wp-json\/wp\/v2\/comments?post=3"}],"version-history":[{"count":6,"href":"https:\/\/arsystemcompressores.com.br\/compressorparafuso\/wp-json\/wp\/v2\/pages\/3\/revisions"}],"predecessor-version":[{"id":903,"href":"https:\/\/arsystemcompressores.com.br\/compressorparafuso\/wp-json\/wp\/v2\/pages\/3\/revisions\/903"}],"wp:attachment":[{"href":"https:\/\/arsystemcompressores.com.br\/compressorparafuso\/wp-json\/wp\/v2\/media?parent=3"}],"curies":[{"name":"wp","href":"https:\/\/api.w.org\/{rel}","templated":true}]}}